{"id":11035,"date":"2025-06-14T17:14:25","date_gmt":"2025-06-14T14:14:25","guid":{"rendered":"https:\/\/www.4gmed.com.tr\/?page_id=11035"},"modified":"2025-06-16T11:09:30","modified_gmt":"2025-06-16T08:09:30","slug":"sinopower-d","status":"publish","type":"page","link":"https:\/\/www.4gmed.com.tr\/en\/sinopower-d\/","title":{"rendered":"SinoPower-D"},"content":{"rendered":"\n<p>\u00c7ift Ba\u015fl\u0131 BT Kontrast Enjeksiyon Sistemi<\/p>\n\n\n\n<div class=\"wp-block-media-text alignwide is-stacked-on-mobile is-vertically-aligned-top\"><figure class=\"wp-block-media-text__media\"><img decoding=\"async\" loading=\"lazy\" width=\"582\" height=\"1024\" src=\"https:\/\/www.4gmed.com.tr\/wp-content\/uploads\/2025\/06\/SinoPowers-582x1024.png\" alt=\"\" class=\"wp-image-11023 size-full\" srcset=\"https:\/\/www.4gmed.com.tr\/wp-content\/uploads\/2025\/06\/SinoPowers-582x1024.png 582w, https:\/\/www.4gmed.com.tr\/wp-content\/uploads\/2025\/06\/SinoPowers-170x300.png 170w, https:\/\/www.4gmed.com.tr\/wp-content\/uploads\/2025\/06\/SinoPowers-768x1351.png 768w, https:\/\/www.4gmed.com.tr\/wp-content\/uploads\/2025\/06\/SinoPowers-873x1536.png 873w, https:\/\/www.4gmed.com.tr\/wp-content\/uploads\/2025\/06\/SinoPowers.png 1152w\" sizes=\"(max-width: 582px) 100vw, 582px\" \/><\/figure><div class=\"wp-block-media-text__content\">\n<p>Kurulumu kolay, kullan\u0131c\u0131 dostu, geli\u015fmi\u015f \u00e7ift ba\u015fl\u0131kl\u0131 BT enjekt\u00f6r<\/p>\n\n\n\n<ul>\n<li>T\u00fcm marka ve modeller ile kesit s\u0131n\u0131r\u0131 olamadan tomografi cihazlar\u0131n\u0131zla uyumludur.<\/li>\n\n\n\n<li>12.1\u201d y\u00fcksek \u00e7\u00f6z\u00fcn\u00fcrl\u00fckl\u00fc, renkli ve dokunmatik ekran<\/li>\n\n\n\n<li>200 ml tekli \u015f\u0131r\u0131nga ile uyumludur.<\/li>\n\n\n\n<li>Ger\u00e7ek zamanl\u0131 damara verilen bas\u0131nc\u0131 kontrol etme fonksiyonu ile hasta g\u00fcvenli\u011fini sa\u011flar.<\/li>\n\n\n\n<li>Rahat hareket ettirebilen tekerlekli ayak sistemi vard\u0131r.<\/li>\n<\/ul>\n\n\n\n<p><a href=\"https:\/\/www.4gmed.com.tr\/wp-content\/uploads\/2025\/06\/4G-SINO-MDT-TANITIM.pdf\" data-type=\"URL\" data-id=\"https:\/\/www.4gmed.com.tr\/wp-content\/uploads\/2025\/06\/4G-SINO-MDT-TANITIM.pdf\">PDF<\/a> indir.<\/p>\n<\/div><\/div>\n","protected":false},"excerpt":{"rendered":"<p>\u00c7ift Ba\u015fl\u0131 BT Kontrast Enjeksiyon Sistemi<\/p>\n","protected":false},"author":2,"featured_media":0,"parent":0,"menu_order":0,"comment_status":"closed","ping_status":"closed","template":"","meta":[],"_links":{"self":[{"href":"https:\/\/www.4gmed.com.tr\/en\/wp-json\/wp\/v2\/pages\/11035"}],"collection":[{"href":"https:\/\/www.4gmed.com.tr\/en\/wp-json\/wp\/v2\/pages"}],"about":[{"href":"https:\/\/www.4gmed.com.tr\/en\/wp-json\/wp\/v2\/types\/page"}],"author":[{"embeddable":true,"href":"https:\/\/www.4gmed.com.tr\/en\/wp-json\/wp\/v2\/users\/2"}],"replies":[{"embeddable":true,"href":"https:\/\/www.4gmed.com.tr\/en\/wp-json\/wp\/v2\/comments?post=11035"}],"version-history":[{"count":3,"href":"https:\/\/www.4gmed.com.tr\/en\/wp-json\/wp\/v2\/pages\/11035\/revisions"}],"predecessor-version":[{"id":11058,"href":"https:\/\/www.4gmed.com.tr\/en\/wp-json\/wp\/v2\/pages\/11035\/revisions\/11058"}],"wp:attachment":[{"href":"https:\/\/www.4gmed.com.tr\/en\/wp-json\/wp\/v2\/media?parent=11035"}],"curies":[{"name":"wp","href":"https:\/\/api.w.org\/{rel}","templated":true}]}}