{"id":10984,"date":"2023-07-24T21:39:02","date_gmt":"2023-07-24T18:39:02","guid":{"rendered":"https:\/\/www.4gmed.com.tr\/?page_id=10984"},"modified":"2025-06-16T10:56:03","modified_gmt":"2025-06-16T07:56:03","slug":"sino-mri","status":"publish","type":"page","link":"https:\/\/www.4gmed.com.tr\/en\/sino-mri\/","title":{"rendered":"SinoMRI-AP&#038;BP"},"content":{"rendered":"\n<p>MR Kontrast Enjeksiyon Sistemi<\/p>\n\n\n\n<figure class=\"wp-block-gallery alignleft has-nested-images columns-default is-cropped wp-block-gallery-1 is-layout-flex\"><\/figure>\n\n\n\n<p>\u2022    Kurulumu kolay, kullan\u0131c\u0131 dostu, y\u00fcksek g\u00fcvenlikli \u00e7ift ba\u015fl\u0131 MR enjekt\u00f6r\u00fc<br>\u2022    AP Modeli 1.5T MR cihazlar\u0131 ile uyumludur.<\/p>\n\n\n\n<p>BP Modeli 3.0T MR cihazlar\u0131 ile uyumludur.<br>\u2022    T\u00fcm marka ve modellere uygundur.<br>\u2022    12.1&#8221; y\u00fcksek \u00e7\u00f6z\u00fcn\u00fcrl\u00fckl\u00fc, renkli ve dokunmatik ekran<br>\u2022    Rahat hareket ettirebilen tekerlekli ayak sistemi vard\u0131r.<br>\u2022    Ger\u00e7ek zamanl\u0131 damara verilen bas\u0131nc\u0131 kontrol etme fonksiyonu ile hasta g\u00fcvenli\u011fini sa\u011flar.<br>\u2022    Kontrast ve Serum haznesi 65ml \u015f\u0131r\u0131nga ile uyumludur.<\/p>\n\n\n\n<div class=\"wp-block-file\"><a id=\"wp-block-file--media-47bc1edf-837b-4bb5-a0a7-7644024f747a\" href=\"https:\/\/www.4gmed.com.tr\/wp-content\/uploads\/2023\/07\/angio.pdf\">PDF<\/a><a href=\"https:\/\/www.4gmed.com.tr\/wp-content\/uploads\/2023\/07\/angio.pdf\" class=\"wp-block-file__button wp-element-button\" download aria-describedby=\"wp-block-file--media-47bc1edf-837b-4bb5-a0a7-7644024f747a\">\u0130ndir<\/a><\/div>\n\n\n\n<p>.<\/p>\n","protected":false},"excerpt":{"rendered":"<p>MR Kontrast Enjeksiyon Sistemi \u2022 Kurulumu kolay, kullan\u0131c\u0131 dostu, y\u00fcksek g\u00fcvenlikli \u00e7ift ba\u015fl\u0131 MR enjekt\u00f6r\u00fc\u2022 AP Modeli 1.5T MR cihazlar\u0131 ile uyumludur. BP Modeli 3.0T MR cihazlar\u0131 ile uyumludur.\u2022 T\u00fcm marka ve modellere uygundur.\u2022 12.1&#8221; y\u00fcksek \u00e7\u00f6z\u00fcn\u00fcrl\u00fckl\u00fc, renkli ve dokunmatik ekran\u2022 Rahat hareket ettirebilen tekerlekli ayak sistemi vard\u0131r.\u2022 Ger\u00e7ek zamanl\u0131 damara verilen bas\u0131nc\u0131 kontrol etme<a href=\"https:\/\/www.4gmed.com.tr\/en\/sino-mri\/\">[&#8230;]<\/a><\/p>\n","protected":false},"author":1,"featured_media":0,"parent":0,"menu_order":0,"comment_status":"closed","ping_status":"closed","template":"","meta":[],"_links":{"self":[{"href":"https:\/\/www.4gmed.com.tr\/en\/wp-json\/wp\/v2\/pages\/10984"}],"collection":[{"href":"https:\/\/www.4gmed.com.tr\/en\/wp-json\/wp\/v2\/pages"}],"about":[{"href":"https:\/\/www.4gmed.com.tr\/en\/wp-json\/wp\/v2\/types\/page"}],"author":[{"embeddable":true,"href":"https:\/\/www.4gmed.com.tr\/en\/wp-json\/wp\/v2\/users\/1"}],"replies":[{"embeddable":true,"href":"https:\/\/www.4gmed.com.tr\/en\/wp-json\/wp\/v2\/comments?post=10984"}],"version-history":[{"count":9,"href":"https:\/\/www.4gmed.com.tr\/en\/wp-json\/wp\/v2\/pages\/10984\/revisions"}],"predecessor-version":[{"id":11059,"href":"https:\/\/www.4gmed.com.tr\/en\/wp-json\/wp\/v2\/pages\/10984\/revisions\/11059"}],"wp:attachment":[{"href":"https:\/\/www.4gmed.com.tr\/en\/wp-json\/wp\/v2\/media?parent=10984"}],"curies":[{"name":"wp","href":"https:\/\/api.w.org\/{rel}","templated":true}]}}