{"id":10915,"date":"2020-12-31T21:56:53","date_gmt":"2020-12-31T18:56:53","guid":{"rendered":"http:\/\/www.4gmed.com.tr\/?page_id=10915"},"modified":"2020-12-31T22:03:08","modified_gmt":"2020-12-31T19:03:08","slug":"illumena-neo-anjio-otomatik-kontrast-enjektoru","status":"publish","type":"page","link":"https:\/\/www.4gmed.com.tr\/en\/illumena-neo-anjio-otomatik-kontrast-enjektoru\/","title":{"rendered":"\u0130llumena Neo   \u2013  Anjio Otomatik Kontrast Enjekt\u00f6r\u00fc"},"content":{"rendered":"\n<p><\/p>\n\n\n\n<div class=\"wp-block-image\"><figure class=\"alignleft\"><img decoding=\"async\" loading=\"lazy\" width=\"247\" height=\"361\" src=\"http:\/\/www.4gmed.com.tr\/wp-content\/uploads\/2020\/12\/image-3.png\" alt=\"\" class=\"wp-image-10916\" srcset=\"https:\/\/www.4gmed.com.tr\/wp-content\/uploads\/2020\/12\/image-3.png 247w, https:\/\/www.4gmed.com.tr\/wp-content\/uploads\/2020\/12\/image-3-205x300.png 205w\" sizes=\"(max-width: 247px) 100vw, 247px\" \/><\/figure><\/div>\n\n\n\n<p>\u00c7ok Y\u00f6nl\u00fc Enjekt\u00f6r Illumena Neo&#8217;nun G\u00fcc\u00fcn\u00fc ve Performans\u0131n\u0131 Ke\u015ffedin<br> \u2022    Kan\u0131tlanm\u0131\u015f g\u00fcvenilirlik ve basitlik<br> \u2022    200mL, 150mL ve \u00d6nceden doldurulmu\u015f sunan \u00e7ok \u00e7e\u015fitli \u015f\u0131r\u0131nga boyutlar\u0131<br> \u2022    Opsiyonel Hava Alg\u0131lama Yard\u0131m ve Uyar\u0131 Sistemi (ADAWS)<br> \u2022    \u0130htiya\u00e7lar\u0131n\u0131z\u0131 kar\u015f\u0131layacak montaj se\u00e7enekleri<br> o    Kaide ve Tavan montalama<br> o    Duvara montaj aparat\u0131<br> o    Sabit masa montaj\u0131<\/p>\n\n\n\n<div class=\"wp-block-file\"><a href=\"http:\/\/www.4gmed.com.tr\/wp-content\/uploads\/2020\/12\/illumena.pdf\">PDF<\/a><a href=\"http:\/\/www.4gmed.com.tr\/wp-content\/uploads\/2020\/12\/illumena.pdf\" class=\"wp-block-file__button\" download>\u0130ndir<\/a><\/div>\n","protected":false},"excerpt":{"rendered":"<p>\u00c7ok Y\u00f6nl\u00fc Enjekt\u00f6r Illumena Neo&#8217;nun G\u00fcc\u00fcn\u00fc ve Performans\u0131n\u0131 Ke\u015ffedin \u2022 Kan\u0131tlanm\u0131\u015f g\u00fcvenilirlik ve basitlik \u2022 200mL, 150mL ve \u00d6nceden doldurulmu\u015f sunan \u00e7ok \u00e7e\u015fitli \u015f\u0131r\u0131nga boyutlar\u0131 \u2022 Opsiyonel Hava Alg\u0131lama Yard\u0131m ve Uyar\u0131 Sistemi (ADAWS) \u2022 \u0130htiya\u00e7lar\u0131n\u0131z\u0131 kar\u015f\u0131layacak montaj se\u00e7enekleri o Kaide ve Tavan montalama o Duvara montaj aparat\u0131 o Sabit masa montaj\u0131<\/p>\n","protected":false},"author":1,"featured_media":0,"parent":0,"menu_order":0,"comment_status":"closed","ping_status":"closed","template":"","meta":[],"_links":{"self":[{"href":"https:\/\/www.4gmed.com.tr\/en\/wp-json\/wp\/v2\/pages\/10915"}],"collection":[{"href":"https:\/\/www.4gmed.com.tr\/en\/wp-json\/wp\/v2\/pages"}],"about":[{"href":"https:\/\/www.4gmed.com.tr\/en\/wp-json\/wp\/v2\/types\/page"}],"author":[{"embeddable":true,"href":"https:\/\/www.4gmed.com.tr\/en\/wp-json\/wp\/v2\/users\/1"}],"replies":[{"embeddable":true,"href":"https:\/\/www.4gmed.com.tr\/en\/wp-json\/wp\/v2\/comments?post=10915"}],"version-history":[{"count":2,"href":"https:\/\/www.4gmed.com.tr\/en\/wp-json\/wp\/v2\/pages\/10915\/revisions"}],"predecessor-version":[{"id":10925,"href":"https:\/\/www.4gmed.com.tr\/en\/wp-json\/wp\/v2\/pages\/10915\/revisions\/10925"}],"wp:attachment":[{"href":"https:\/\/www.4gmed.com.tr\/en\/wp-json\/wp\/v2\/media?parent=10915"}],"curies":[{"name":"wp","href":"https:\/\/api.w.org\/{rel}","templated":true}]}}